{"id":20192,"date":"2019-07-26T10:12:46","date_gmt":"2019-07-26T14:12:46","guid":{"rendered":"https:\/\/adanac.net\/produit\/invoice-payment\/"},"modified":"2023-07-21T13:51:55","modified_gmt":"2023-07-21T17:51:55","slug":"invoice-payment","status":"publish","type":"product","link":"https:\/\/adanac.bolledev.ca\/en\/produit\/invoice-payment\/","title":{"rendered":"Invoice payment"},"content":{"rendered":"<p>[et_pb_section fb_built=&#8221;1&#8243; _builder_version=&#8221;4.16&#8243; custom_padding=&#8221;0px||||false|false&#8221; global_colors_info=&#8221;{}&#8221;][et_pb_row _builder_version=&#8221;4.16&#8243; background_size=&#8221;initial&#8221; background_position=&#8221;top_left&#8221; background_repeat=&#8221;repeat&#8221; width=&#8221;100%&#8221; custom_padding=&#8221;0px||0px||false|false&#8221; global_colors_info=&#8221;{}&#8221;][et_pb_column type=&#8221;4_4&#8243; _builder_version=&#8221;4.16&#8243; custom_padding=&#8221;|||&#8221; global_colors_info=&#8221;{}&#8221; custom_padding__hover=&#8221;|||&#8221;][et_pb_wc_breadcrumb _builder_version=&#8221;4.16&#8243; global_colors_info=&#8221;{}&#8221;][\/et_pb_wc_breadcrumb][et_pb_wc_cart_notice _builder_version=&#8221;4.16&#8243; global_colors_info=&#8221;{}&#8221;][\/et_pb_wc_cart_notice][et_pb_code admin_label=&#8221;Button text translation&#8221; _builder_version=&#8221;4.19.4&#8243; _module_preset=&#8221;default&#8221; global_colors_info=&#8221;{}&#8221;]<script><!-- [et_pb_line_break_holder] -->jQuery(document).ready(function(){<!-- [et_pb_line_break_holder] -->  jQuery('button[name=add-to-cart]').text('Proceed to payment');<!-- [et_pb_line_break_holder] -->  <!-- [et_pb_line_break_holder] -->});<!-- [et_pb_line_break_holder] --><\/script>[\/et_pb_code][\/et_pb_column][\/et_pb_row][et_pb_row column_structure=&#8221;1_2,1_2&#8243; _builder_version=&#8221;4.16&#8243; background_size=&#8221;initial&#8221; background_position=&#8221;top_left&#8221; background_repeat=&#8221;repeat&#8221; width=&#8221;100%&#8221; custom_padding=&#8221;0px||||false|false&#8221; global_colors_info=&#8221;{}&#8221;][et_pb_column type=&#8221;1_2&#8243; _builder_version=&#8221;4.16&#8243; custom_padding=&#8221;|||&#8221; global_colors_info=&#8221;{}&#8221; custom_padding__hover=&#8221;|||&#8221;][et_pb_wc_images _builder_version=&#8221;4.16&#8243; global_colors_info=&#8221;{}&#8221;][\/et_pb_wc_images][\/et_pb_column][et_pb_column type=&#8221;1_2&#8243; _builder_version=&#8221;4.16&#8243; custom_padding=&#8221;|||&#8221; global_colors_info=&#8221;{}&#8221; custom_padding__hover=&#8221;|||&#8221;][et_pb_wc_title _builder_version=&#8221;4.16&#8243; global_colors_info=&#8221;{}&#8221;][\/et_pb_wc_title][et_pb_wc_description _builder_version=&#8221;4.16&#8243; global_colors_info=&#8221;{}&#8221;][\/et_pb_wc_description][et_pb_wc_add_to_cart show_quantity=&#8221;off&#8221; show_stock=&#8221;off&#8221; _builder_version=&#8221;4.19.4&#8243; global_colors_info=&#8221;{}&#8221;][\/et_pb_wc_add_to_cart][\/et_pb_column][\/et_pb_row][\/et_pb_section]<\/p>\n","protected":false},"excerpt":{"rendered":"","protected":false},"featured_media":9540,"template":"","meta":{"_acf_changed":false,"_et_pb_use_builder":"on","_et_pb_old_content":"","_et_gb_content_width":"","_monsterinsights_skip_tracking":false,"_monsterinsights_sitenote_active":false,"_monsterinsights_sitenote_note":"","_monsterinsights_sitenote_category":0},"product_brand":[],"product_cat":[464],"product_tag":[],"class_list":{"0":"post-20192","1":"product","2":"type-product","3":"status-publish","4":"has-post-thumbnail","6":"product_cat-transactions-en","7":"tm-has-options","9":"first","10":"instock","11":"virtual","12":"sold-individually","13":"purchasable","14":"product-type-simple"},"acf":[],"yoast_head":"<!-- This site is optimized with the Yoast SEO plugin v27.0 - https:\/\/yoast.com\/product\/yoast-seo-wordpress\/ -->\n<title>Invoice payment - ADANAC Van and Pickup Upfit Solutions | Le centre du camion<\/title>\n<meta name=\"description\" content=\"Am\u00e9nagement de fourgons complet 100% aluminium pour Ford, Mercedes, RAM, NISSAN, GM et camion cube ou remorque. L\u00e9ger et configurable, les modules portent la Marque nationale de s\u00e9curit\u00e9 de transport du Canada. Plusieurs hauteurs en inventaire. Demandez un prix ici.\" \/>\n<meta name=\"robots\" content=\"index, follow, max-snippet:-1, max-image-preview:large, max-video-preview:-1\" \/>\n<link rel=\"canonical\" href=\"https:\/\/adanac.bolledev.ca\/en\/produit\/invoice-payment\/\" \/>\n<meta property=\"og:locale\" content=\"en_US\" \/>\n<meta property=\"og:type\" content=\"article\" \/>\n<meta property=\"og:title\" content=\"Invoice payment - ADANAC Van and Pickup Upfit Solutions | Le centre du camion\" \/>\n<meta property=\"og:description\" content=\"Am\u00e9nagement de fourgons complet 100% aluminium pour Ford, Mercedes, RAM, NISSAN, GM et camion cube ou remorque. L\u00e9ger et configurable, les modules portent la Marque nationale de s\u00e9curit\u00e9 de transport du Canada. Plusieurs hauteurs en inventaire. Demandez un prix ici.\" \/>\n<meta property=\"og:url\" content=\"https:\/\/adanac.bolledev.ca\/en\/produit\/invoice-payment\/\" \/>\n<meta property=\"og:site_name\" content=\"ADANAC Van and Pickup Upfit Solutions | Le centre du camion\" \/>\n<meta property=\"article:modified_time\" content=\"2023-07-21T17:51:55+00:00\" \/>\n<meta property=\"og:image\" content=\"https:\/\/adanac.bolledev.ca\/wp-content\/uploads\/2019\/07\/Image-de-Paiement.jpg\" \/>\n\t<meta property=\"og:image:width\" content=\"300\" \/>\n\t<meta property=\"og:image:height\" content=\"388\" \/>\n\t<meta property=\"og:image:type\" content=\"image\/jpeg\" \/>\n<meta name=\"twitter:card\" content=\"summary_large_image\" \/>\n<meta name=\"twitter:label1\" content=\"Est. reading time\" \/>\n\t<meta name=\"twitter:data1\" content=\"1 minute\" \/>\n<script type=\"application\/ld+json\" class=\"yoast-schema-graph\">{\"@context\":\"https:\/\/schema.org\",\"@graph\":[{\"@type\":\"WebPage\",\"@id\":\"https:\/\/adanac.bolledev.ca\/en\/produit\/invoice-payment\/\",\"url\":\"https:\/\/adanac.bolledev.ca\/en\/produit\/invoice-payment\/\",\"name\":\"Invoice payment - ADANAC Van and Pickup Upfit Solutions | Le centre du camion\",\"isPartOf\":{\"@id\":\"https:\/\/adanac.bolledev.ca\/en\/#website\"},\"primaryImageOfPage\":{\"@id\":\"https:\/\/adanac.bolledev.ca\/en\/produit\/invoice-payment\/#primaryimage\"},\"image\":{\"@id\":\"https:\/\/adanac.bolledev.ca\/en\/produit\/invoice-payment\/#primaryimage\"},\"thumbnailUrl\":\"https:\/\/adanac.bolledev.ca\/wp-content\/uploads\/2019\/07\/Image-de-Paiement.jpg\",\"datePublished\":\"2019-07-26T14:12:46+00:00\",\"dateModified\":\"2023-07-21T17:51:55+00:00\",\"description\":\"Am\u00e9nagement de fourgons complet 100% aluminium pour Ford, Mercedes, RAM, NISSAN, GM et camion cube ou remorque. L\u00e9ger et configurable, les modules portent la Marque nationale de s\u00e9curit\u00e9 de transport du Canada. Plusieurs hauteurs en inventaire. Demandez un prix ici.\",\"breadcrumb\":{\"@id\":\"https:\/\/adanac.bolledev.ca\/en\/produit\/invoice-payment\/#breadcrumb\"},\"inLanguage\":\"en-CA\",\"potentialAction\":[{\"@type\":\"ReadAction\",\"target\":[\"https:\/\/adanac.bolledev.ca\/en\/produit\/invoice-payment\/\"]}]},{\"@type\":\"ImageObject\",\"inLanguage\":\"en-CA\",\"@id\":\"https:\/\/adanac.bolledev.ca\/en\/produit\/invoice-payment\/#primaryimage\",\"url\":\"https:\/\/adanac.bolledev.ca\/wp-content\/uploads\/2019\/07\/Image-de-Paiement.jpg\",\"contentUrl\":\"https:\/\/adanac.bolledev.ca\/wp-content\/uploads\/2019\/07\/Image-de-Paiement.jpg\",\"width\":300,\"height\":388},{\"@type\":\"BreadcrumbList\",\"@id\":\"https:\/\/adanac.bolledev.ca\/en\/produit\/invoice-payment\/#breadcrumb\",\"itemListElement\":[{\"@type\":\"ListItem\",\"position\":1,\"name\":\"Accueil\",\"item\":\"https:\/\/adanac.bolledev.ca\/en\/\"},{\"@type\":\"ListItem\",\"position\":2,\"name\":\"Invoice payment\"}]},{\"@type\":\"WebSite\",\"@id\":\"https:\/\/adanac.bolledev.ca\/en\/#website\",\"url\":\"https:\/\/adanac.bolledev.ca\/en\/\",\"name\":\"ADANAC Van and Pickup Upfit Solutions | Le centre du camion\",\"description\":\"\",\"publisher\":{\"@id\":\"https:\/\/adanac.bolledev.ca\/en\/#organization\"},\"potentialAction\":[{\"@type\":\"SearchAction\",\"target\":{\"@type\":\"EntryPoint\",\"urlTemplate\":\"https:\/\/adanac.bolledev.ca\/en\/?s={search_term_string}\"},\"query-input\":{\"@type\":\"PropertyValueSpecification\",\"valueRequired\":true,\"valueName\":\"search_term_string\"}}],\"inLanguage\":\"en-CA\"},{\"@type\":\"Organization\",\"@id\":\"https:\/\/adanac.bolledev.ca\/en\/#organization\",\"name\":\"ADANAC Le centre du camion | Am\u00e9nagement de fourgon\",\"url\":\"https:\/\/adanac.bolledev.ca\/en\/\",\"logo\":{\"@type\":\"ImageObject\",\"inLanguage\":\"en-CA\",\"@id\":\"https:\/\/adanac.bolledev.ca\/en\/#\/schema\/logo\/image\/\",\"url\":\"https:\/\/adanac.net\/wp-content\/uploads\/2018\/03\/logo-adanac.png\",\"contentUrl\":\"https:\/\/adanac.net\/wp-content\/uploads\/2018\/03\/logo-adanac.png\",\"width\":88,\"height\":69,\"caption\":\"ADANAC Le centre du camion | Am\u00e9nagement de fourgon\"},\"image\":{\"@id\":\"https:\/\/adanac.bolledev.ca\/en\/#\/schema\/logo\/image\/\"}}]}<\/script>\n<!-- \/ Yoast SEO plugin. -->","yoast_head_json":{"title":"Invoice payment - ADANAC Van and Pickup Upfit Solutions | Le centre du camion","description":"Am\u00e9nagement de fourgons complet 100% aluminium pour Ford, Mercedes, RAM, NISSAN, GM et camion cube ou remorque. L\u00e9ger et configurable, les modules portent la Marque nationale de s\u00e9curit\u00e9 de transport du Canada. Plusieurs hauteurs en inventaire. Demandez un prix ici.","robots":{"index":"index","follow":"follow","max-snippet":"max-snippet:-1","max-image-preview":"max-image-preview:large","max-video-preview":"max-video-preview:-1"},"canonical":"https:\/\/adanac.bolledev.ca\/en\/produit\/invoice-payment\/","og_locale":"en_US","og_type":"article","og_title":"Invoice payment - ADANAC Van and Pickup Upfit Solutions | Le centre du camion","og_description":"Am\u00e9nagement de fourgons complet 100% aluminium pour Ford, Mercedes, RAM, NISSAN, GM et camion cube ou remorque. L\u00e9ger et configurable, les modules portent la Marque nationale de s\u00e9curit\u00e9 de transport du Canada. Plusieurs hauteurs en inventaire. Demandez un prix ici.","og_url":"https:\/\/adanac.bolledev.ca\/en\/produit\/invoice-payment\/","og_site_name":"ADANAC Van and Pickup Upfit Solutions | Le centre du camion","article_modified_time":"2023-07-21T17:51:55+00:00","og_image":[{"width":300,"height":388,"url":"https:\/\/adanac.bolledev.ca\/wp-content\/uploads\/2019\/07\/Image-de-Paiement.jpg","type":"image\/jpeg"}],"twitter_card":"summary_large_image","twitter_misc":{"Est. reading time":"1 minute"},"schema":{"@context":"https:\/\/schema.org","@graph":[{"@type":"WebPage","@id":"https:\/\/adanac.bolledev.ca\/en\/produit\/invoice-payment\/","url":"https:\/\/adanac.bolledev.ca\/en\/produit\/invoice-payment\/","name":"Invoice payment - ADANAC Van and Pickup Upfit Solutions | Le centre du camion","isPartOf":{"@id":"https:\/\/adanac.bolledev.ca\/en\/#website"},"primaryImageOfPage":{"@id":"https:\/\/adanac.bolledev.ca\/en\/produit\/invoice-payment\/#primaryimage"},"image":{"@id":"https:\/\/adanac.bolledev.ca\/en\/produit\/invoice-payment\/#primaryimage"},"thumbnailUrl":"https:\/\/adanac.bolledev.ca\/wp-content\/uploads\/2019\/07\/Image-de-Paiement.jpg","datePublished":"2019-07-26T14:12:46+00:00","dateModified":"2023-07-21T17:51:55+00:00","description":"Am\u00e9nagement de fourgons complet 100% aluminium pour Ford, Mercedes, RAM, NISSAN, GM et camion cube ou remorque. L\u00e9ger et configurable, les modules portent la Marque nationale de s\u00e9curit\u00e9 de transport du Canada. Plusieurs hauteurs en inventaire. Demandez un prix ici.","breadcrumb":{"@id":"https:\/\/adanac.bolledev.ca\/en\/produit\/invoice-payment\/#breadcrumb"},"inLanguage":"en-CA","potentialAction":[{"@type":"ReadAction","target":["https:\/\/adanac.bolledev.ca\/en\/produit\/invoice-payment\/"]}]},{"@type":"ImageObject","inLanguage":"en-CA","@id":"https:\/\/adanac.bolledev.ca\/en\/produit\/invoice-payment\/#primaryimage","url":"https:\/\/adanac.bolledev.ca\/wp-content\/uploads\/2019\/07\/Image-de-Paiement.jpg","contentUrl":"https:\/\/adanac.bolledev.ca\/wp-content\/uploads\/2019\/07\/Image-de-Paiement.jpg","width":300,"height":388},{"@type":"BreadcrumbList","@id":"https:\/\/adanac.bolledev.ca\/en\/produit\/invoice-payment\/#breadcrumb","itemListElement":[{"@type":"ListItem","position":1,"name":"Accueil","item":"https:\/\/adanac.bolledev.ca\/en\/"},{"@type":"ListItem","position":2,"name":"Invoice payment"}]},{"@type":"WebSite","@id":"https:\/\/adanac.bolledev.ca\/en\/#website","url":"https:\/\/adanac.bolledev.ca\/en\/","name":"ADANAC Van and Pickup Upfit Solutions | Le centre du camion","description":"","publisher":{"@id":"https:\/\/adanac.bolledev.ca\/en\/#organization"},"potentialAction":[{"@type":"SearchAction","target":{"@type":"EntryPoint","urlTemplate":"https:\/\/adanac.bolledev.ca\/en\/?s={search_term_string}"},"query-input":{"@type":"PropertyValueSpecification","valueRequired":true,"valueName":"search_term_string"}}],"inLanguage":"en-CA"},{"@type":"Organization","@id":"https:\/\/adanac.bolledev.ca\/en\/#organization","name":"ADANAC Le centre du camion | Am\u00e9nagement de fourgon","url":"https:\/\/adanac.bolledev.ca\/en\/","logo":{"@type":"ImageObject","inLanguage":"en-CA","@id":"https:\/\/adanac.bolledev.ca\/en\/#\/schema\/logo\/image\/","url":"https:\/\/adanac.net\/wp-content\/uploads\/2018\/03\/logo-adanac.png","contentUrl":"https:\/\/adanac.net\/wp-content\/uploads\/2018\/03\/logo-adanac.png","width":88,"height":69,"caption":"ADANAC Le centre du camion | Am\u00e9nagement de fourgon"},"image":{"@id":"https:\/\/adanac.bolledev.ca\/en\/#\/schema\/logo\/image\/"}}]}},"_links":{"self":[{"href":"https:\/\/adanac.bolledev.ca\/en\/wp-json\/wp\/v2\/product\/20192","targetHints":{"allow":["GET"]}}],"collection":[{"href":"https:\/\/adanac.bolledev.ca\/en\/wp-json\/wp\/v2\/product"}],"about":[{"href":"https:\/\/adanac.bolledev.ca\/en\/wp-json\/wp\/v2\/types\/product"}],"wp:featuredmedia":[{"embeddable":true,"href":"https:\/\/adanac.bolledev.ca\/en\/wp-json\/wp\/v2\/media\/9540"}],"wp:attachment":[{"href":"https:\/\/adanac.bolledev.ca\/en\/wp-json\/wp\/v2\/media?parent=20192"}],"wp:term":[{"taxonomy":"product_brand","embeddable":true,"href":"https:\/\/adanac.bolledev.ca\/en\/wp-json\/wp\/v2\/product_brand?post=20192"},{"taxonomy":"product_cat","embeddable":true,"href":"https:\/\/adanac.bolledev.ca\/en\/wp-json\/wp\/v2\/product_cat?post=20192"},{"taxonomy":"product_tag","embeddable":true,"href":"https:\/\/adanac.bolledev.ca\/en\/wp-json\/wp\/v2\/product_tag?post=20192"}],"curies":[{"name":"wp","href":"https:\/\/api.w.org\/{rel}","templated":true}]}}