{"id":18091,"date":"2018-03-09T13:30:27","date_gmt":"2020-05-03T18:53:51","guid":{"rendered":"https:\/\/adanac.net\/?post_type=product&#038;p=18091"},"modified":"2020-05-03T14:55:32","modified_gmt":"2020-05-03T18:55:32","slug":"ford-transit-connect-2013-2014-mid-roof-one-door-van-standard-upfit-set","status":"publish","type":"product","link":"https:\/\/adanac.bolledev.ca\/en\/produit\/ford-transit-connect-2013-2014-mid-roof-one-door-van-standard-upfit-set\/","title":{"rendered":"Ford Transit Connect 2013-2014 Low Roof One Door Van (Standard) Upfit Set"},"content":{"rendered":"<p>100% Aluminum Van Storage units<\/p>\n<p>All ADANAC upfit storage sets are configurable according to your activity or trade sector. You\u2019ll find on our site some examples of common sets adapted to your profession, your budget and your vehicle. Do not hesitate to contact one of our representatives in order to have more information about our storage solutions.<\/p>\n<p><a href=\"https:\/\/adanac.net\/wp-content\/uploads\/2018\/03\/48h-Temps-installation.png\"><img decoding=\"async\" class=\"alignnone size-full wp-image-2609\" src=\"https:\/\/adanac.net\/wp-content\/uploads\/2018\/03\/48h-Temps-installation.png\" alt=\"\" width=\"142\" height=\"99\" \/><\/a><\/p>\n<h4><\/h4>\n<h4><img decoding=\"async\" class=\"wp-image-7737 alignnone\" src=\"https:\/\/adanac.net\/wp-content\/uploads\/2019\/03\/Programme-Ford.png\" alt=\"Ford 2020 Commercial Modification Incentive Program\" width=\"96\" height=\"40\" \/><br \/>\nFord 2020 Commercial Modification Incentive Program. Up to<strong> $1 250<\/strong> in premium. <a href=\"\/en\/ford-program\/\">More information&#8230;<\/a><\/h4>\n","protected":false},"excerpt":{"rendered":"<p>Standard upfit storage set for professionals working in various construction or services sectors for FORD TRANSIT CONNECT 2013-2014 vans.<\/p>\n","protected":false},"featured_media":5611,"template":"","meta":{"_acf_changed":false,"_et_pb_use_builder":"","_et_pb_old_content":"","_et_gb_content_width":"","_monsterinsights_skip_tracking":false,"_monsterinsights_sitenote_active":false,"_monsterinsights_sitenote_note":"","_monsterinsights_sitenote_category":0},"product_brand":[],"product_cat":[425],"product_tag":[],"class_list":{"0":"post-18091","1":"product","2":"type-product","3":"status-publish","4":"has-post-thumbnail","6":"product_cat-transit-connect-storage-kits","7":"pa_longueur-130-en","8":"pa_marque-ford-en","9":"pa_modele-transit-connect-2013-van","10":"pa_modele-transit-connect-2014-van","11":"pa_toit-low","12":"pa_usage-standard-en","13":"tm-no-options","15":"first","16":"instock","17":"shipping-taxable","18":"purchasable","19":"product-type-woosb"},"acf":[],"yoast_head":"<!-- This site is optimized with the Yoast SEO plugin v27.0 - https:\/\/yoast.com\/product\/yoast-seo-wordpress\/ -->\n<title>Ford Transit Connect 2013-2014 Low Roof One Door Van (Standard) Upfit Set - ADANAC Van and Pickup Upfit Solutions | Le centre du camion<\/title>\n<meta name=\"description\" content=\"Am\u00e9nagement de fourgons complet 100% aluminium pour Ford, Mercedes, RAM, NISSAN, GM et camion cube ou remorque. L\u00e9ger et configurable, les modules portent la Marque nationale de s\u00e9curit\u00e9 de transport du Canada. Plusieurs hauteurs en inventaire. Demandez un prix ici.\" \/>\n<meta name=\"robots\" content=\"index, follow, max-snippet:-1, max-image-preview:large, max-video-preview:-1\" \/>\n<link rel=\"canonical\" href=\"https:\/\/adanac.bolledev.ca\/en\/produit\/ford-transit-connect-2013-2014-mid-roof-one-door-van-standard-upfit-set\/\" \/>\n<meta property=\"og:locale\" content=\"en_US\" \/>\n<meta property=\"og:type\" content=\"article\" \/>\n<meta property=\"og:title\" content=\"Ford Transit Connect 2013-2014 Low Roof One Door Van (Standard) Upfit Set - ADANAC Van and Pickup Upfit Solutions | Le centre du camion\" \/>\n<meta property=\"og:description\" content=\"Am\u00e9nagement de fourgons complet 100% aluminium pour Ford, Mercedes, RAM, NISSAN, GM et camion cube ou remorque. L\u00e9ger et configurable, les modules portent la Marque nationale de s\u00e9curit\u00e9 de transport du Canada. Plusieurs hauteurs en inventaire. Demandez un prix ici.\" \/>\n<meta property=\"og:url\" content=\"https:\/\/adanac.bolledev.ca\/en\/produit\/ford-transit-connect-2013-2014-mid-roof-one-door-van-standard-upfit-set\/\" \/>\n<meta property=\"og:site_name\" content=\"ADANAC Van and Pickup Upfit Solutions | Le centre du camion\" \/>\n<meta property=\"article:modified_time\" content=\"2020-05-03T18:55:32+00:00\" \/>\n<meta name=\"twitter:card\" content=\"summary_large_image\" \/>\n<script type=\"application\/ld+json\" class=\"yoast-schema-graph\">{\"@context\":\"https:\/\/schema.org\",\"@graph\":[{\"@type\":\"WebPage\",\"@id\":\"https:\/\/adanac.bolledev.ca\/en\/produit\/ford-transit-connect-2013-2014-mid-roof-one-door-van-standard-upfit-set\/\",\"url\":\"https:\/\/adanac.bolledev.ca\/en\/produit\/ford-transit-connect-2013-2014-mid-roof-one-door-van-standard-upfit-set\/\",\"name\":\"Ford Transit Connect 2013-2014 Low Roof One Door Van (Standard) Upfit Set - ADANAC Van and Pickup Upfit Solutions | Le centre du camion\",\"isPartOf\":{\"@id\":\"https:\/\/adanac.bolledev.ca\/en\/#website\"},\"primaryImageOfPage\":{\"@id\":\"https:\/\/adanac.bolledev.ca\/en\/produit\/ford-transit-connect-2013-2014-mid-roof-one-door-van-standard-upfit-set\/#primaryimage\"},\"image\":{\"@id\":\"https:\/\/adanac.bolledev.ca\/en\/produit\/ford-transit-connect-2013-2014-mid-roof-one-door-van-standard-upfit-set\/#primaryimage\"},\"thumbnailUrl\":\"https:\/\/adanac.bolledev.ca\/wp-content\/uploads\/2018\/03\/ENS-ST2-TC-Transit-Connect-Base.svg\",\"datePublished\":\"2020-05-03T18:53:51+00:00\",\"dateModified\":\"2020-05-03T18:55:32+00:00\",\"description\":\"Am\u00e9nagement de fourgons complet 100% aluminium pour Ford, Mercedes, RAM, NISSAN, GM et camion cube ou remorque. L\u00e9ger et configurable, les modules portent la Marque nationale de s\u00e9curit\u00e9 de transport du Canada. Plusieurs hauteurs en inventaire. Demandez un prix ici.\",\"breadcrumb\":{\"@id\":\"https:\/\/adanac.bolledev.ca\/en\/produit\/ford-transit-connect-2013-2014-mid-roof-one-door-van-standard-upfit-set\/#breadcrumb\"},\"inLanguage\":\"en-CA\",\"potentialAction\":[{\"@type\":\"ReadAction\",\"target\":[\"https:\/\/adanac.bolledev.ca\/en\/produit\/ford-transit-connect-2013-2014-mid-roof-one-door-van-standard-upfit-set\/\"]}]},{\"@type\":\"ImageObject\",\"inLanguage\":\"en-CA\",\"@id\":\"https:\/\/adanac.bolledev.ca\/en\/produit\/ford-transit-connect-2013-2014-mid-roof-one-door-van-standard-upfit-set\/#primaryimage\",\"url\":\"https:\/\/adanac.bolledev.ca\/wp-content\/uploads\/2018\/03\/ENS-ST2-TC-Transit-Connect-Base.svg\",\"contentUrl\":\"https:\/\/adanac.bolledev.ca\/wp-content\/uploads\/2018\/03\/ENS-ST2-TC-Transit-Connect-Base.svg\",\"caption\":\"Ensemble Transit Connect Base \u00e0 une porte coulissante\"},{\"@type\":\"BreadcrumbList\",\"@id\":\"https:\/\/adanac.bolledev.ca\/en\/produit\/ford-transit-connect-2013-2014-mid-roof-one-door-van-standard-upfit-set\/#breadcrumb\",\"itemListElement\":[{\"@type\":\"ListItem\",\"position\":1,\"name\":\"Accueil\",\"item\":\"https:\/\/adanac.bolledev.ca\/en\/\"},{\"@type\":\"ListItem\",\"position\":2,\"name\":\"Ford Transit Connect 2013-2014 Low Roof One Door Van (Standard) Upfit Set\"}]},{\"@type\":\"WebSite\",\"@id\":\"https:\/\/adanac.bolledev.ca\/en\/#website\",\"url\":\"https:\/\/adanac.bolledev.ca\/en\/\",\"name\":\"ADANAC Van and Pickup Upfit Solutions | Le centre du camion\",\"description\":\"\",\"publisher\":{\"@id\":\"https:\/\/adanac.bolledev.ca\/en\/#organization\"},\"potentialAction\":[{\"@type\":\"SearchAction\",\"target\":{\"@type\":\"EntryPoint\",\"urlTemplate\":\"https:\/\/adanac.bolledev.ca\/en\/?s={search_term_string}\"},\"query-input\":{\"@type\":\"PropertyValueSpecification\",\"valueRequired\":true,\"valueName\":\"search_term_string\"}}],\"inLanguage\":\"en-CA\"},{\"@type\":\"Organization\",\"@id\":\"https:\/\/adanac.bolledev.ca\/en\/#organization\",\"name\":\"ADANAC Le centre du camion | Am\u00e9nagement de fourgon\",\"url\":\"https:\/\/adanac.bolledev.ca\/en\/\",\"logo\":{\"@type\":\"ImageObject\",\"inLanguage\":\"en-CA\",\"@id\":\"https:\/\/adanac.bolledev.ca\/en\/#\/schema\/logo\/image\/\",\"url\":\"https:\/\/adanac.net\/wp-content\/uploads\/2018\/03\/logo-adanac.png\",\"contentUrl\":\"https:\/\/adanac.net\/wp-content\/uploads\/2018\/03\/logo-adanac.png\",\"width\":88,\"height\":69,\"caption\":\"ADANAC Le centre du camion | Am\u00e9nagement de fourgon\"},\"image\":{\"@id\":\"https:\/\/adanac.bolledev.ca\/en\/#\/schema\/logo\/image\/\"}}]}<\/script>\n<!-- \/ Yoast SEO plugin. -->","yoast_head_json":{"title":"Ford Transit Connect 2013-2014 Low Roof One Door Van (Standard) Upfit Set - ADANAC Van and Pickup Upfit Solutions | Le centre du camion","description":"Am\u00e9nagement de fourgons complet 100% aluminium pour Ford, Mercedes, RAM, NISSAN, GM et camion cube ou remorque. L\u00e9ger et configurable, les modules portent la Marque nationale de s\u00e9curit\u00e9 de transport du Canada. Plusieurs hauteurs en inventaire. Demandez un prix ici.","robots":{"index":"index","follow":"follow","max-snippet":"max-snippet:-1","max-image-preview":"max-image-preview:large","max-video-preview":"max-video-preview:-1"},"canonical":"https:\/\/adanac.bolledev.ca\/en\/produit\/ford-transit-connect-2013-2014-mid-roof-one-door-van-standard-upfit-set\/","og_locale":"en_US","og_type":"article","og_title":"Ford Transit Connect 2013-2014 Low Roof One Door Van (Standard) Upfit Set - ADANAC Van and Pickup Upfit Solutions | Le centre du camion","og_description":"Am\u00e9nagement de fourgons complet 100% aluminium pour Ford, Mercedes, RAM, NISSAN, GM et camion cube ou remorque. L\u00e9ger et configurable, les modules portent la Marque nationale de s\u00e9curit\u00e9 de transport du Canada. Plusieurs hauteurs en inventaire. Demandez un prix ici.","og_url":"https:\/\/adanac.bolledev.ca\/en\/produit\/ford-transit-connect-2013-2014-mid-roof-one-door-van-standard-upfit-set\/","og_site_name":"ADANAC Van and Pickup Upfit Solutions | Le centre du camion","article_modified_time":"2020-05-03T18:55:32+00:00","twitter_card":"summary_large_image","schema":{"@context":"https:\/\/schema.org","@graph":[{"@type":"WebPage","@id":"https:\/\/adanac.bolledev.ca\/en\/produit\/ford-transit-connect-2013-2014-mid-roof-one-door-van-standard-upfit-set\/","url":"https:\/\/adanac.bolledev.ca\/en\/produit\/ford-transit-connect-2013-2014-mid-roof-one-door-van-standard-upfit-set\/","name":"Ford Transit Connect 2013-2014 Low Roof One Door Van (Standard) Upfit Set - ADANAC Van and Pickup Upfit Solutions | Le centre du camion","isPartOf":{"@id":"https:\/\/adanac.bolledev.ca\/en\/#website"},"primaryImageOfPage":{"@id":"https:\/\/adanac.bolledev.ca\/en\/produit\/ford-transit-connect-2013-2014-mid-roof-one-door-van-standard-upfit-set\/#primaryimage"},"image":{"@id":"https:\/\/adanac.bolledev.ca\/en\/produit\/ford-transit-connect-2013-2014-mid-roof-one-door-van-standard-upfit-set\/#primaryimage"},"thumbnailUrl":"https:\/\/adanac.bolledev.ca\/wp-content\/uploads\/2018\/03\/ENS-ST2-TC-Transit-Connect-Base.svg","datePublished":"2020-05-03T18:53:51+00:00","dateModified":"2020-05-03T18:55:32+00:00","description":"Am\u00e9nagement de fourgons complet 100% aluminium pour Ford, Mercedes, RAM, NISSAN, GM et camion cube ou remorque. L\u00e9ger et configurable, les modules portent la Marque nationale de s\u00e9curit\u00e9 de transport du Canada. Plusieurs hauteurs en inventaire. Demandez un prix ici.","breadcrumb":{"@id":"https:\/\/adanac.bolledev.ca\/en\/produit\/ford-transit-connect-2013-2014-mid-roof-one-door-van-standard-upfit-set\/#breadcrumb"},"inLanguage":"en-CA","potentialAction":[{"@type":"ReadAction","target":["https:\/\/adanac.bolledev.ca\/en\/produit\/ford-transit-connect-2013-2014-mid-roof-one-door-van-standard-upfit-set\/"]}]},{"@type":"ImageObject","inLanguage":"en-CA","@id":"https:\/\/adanac.bolledev.ca\/en\/produit\/ford-transit-connect-2013-2014-mid-roof-one-door-van-standard-upfit-set\/#primaryimage","url":"https:\/\/adanac.bolledev.ca\/wp-content\/uploads\/2018\/03\/ENS-ST2-TC-Transit-Connect-Base.svg","contentUrl":"https:\/\/adanac.bolledev.ca\/wp-content\/uploads\/2018\/03\/ENS-ST2-TC-Transit-Connect-Base.svg","caption":"Ensemble Transit Connect Base \u00e0 une porte coulissante"},{"@type":"BreadcrumbList","@id":"https:\/\/adanac.bolledev.ca\/en\/produit\/ford-transit-connect-2013-2014-mid-roof-one-door-van-standard-upfit-set\/#breadcrumb","itemListElement":[{"@type":"ListItem","position":1,"name":"Accueil","item":"https:\/\/adanac.bolledev.ca\/en\/"},{"@type":"ListItem","position":2,"name":"Ford Transit Connect 2013-2014 Low Roof One Door Van (Standard) Upfit Set"}]},{"@type":"WebSite","@id":"https:\/\/adanac.bolledev.ca\/en\/#website","url":"https:\/\/adanac.bolledev.ca\/en\/","name":"ADANAC Van and Pickup Upfit Solutions | Le centre du camion","description":"","publisher":{"@id":"https:\/\/adanac.bolledev.ca\/en\/#organization"},"potentialAction":[{"@type":"SearchAction","target":{"@type":"EntryPoint","urlTemplate":"https:\/\/adanac.bolledev.ca\/en\/?s={search_term_string}"},"query-input":{"@type":"PropertyValueSpecification","valueRequired":true,"valueName":"search_term_string"}}],"inLanguage":"en-CA"},{"@type":"Organization","@id":"https:\/\/adanac.bolledev.ca\/en\/#organization","name":"ADANAC Le centre du camion | Am\u00e9nagement de fourgon","url":"https:\/\/adanac.bolledev.ca\/en\/","logo":{"@type":"ImageObject","inLanguage":"en-CA","@id":"https:\/\/adanac.bolledev.ca\/en\/#\/schema\/logo\/image\/","url":"https:\/\/adanac.net\/wp-content\/uploads\/2018\/03\/logo-adanac.png","contentUrl":"https:\/\/adanac.net\/wp-content\/uploads\/2018\/03\/logo-adanac.png","width":88,"height":69,"caption":"ADANAC Le centre du camion | Am\u00e9nagement de fourgon"},"image":{"@id":"https:\/\/adanac.bolledev.ca\/en\/#\/schema\/logo\/image\/"}}]}},"_links":{"self":[{"href":"https:\/\/adanac.bolledev.ca\/en\/wp-json\/wp\/v2\/product\/18091","targetHints":{"allow":["GET"]}}],"collection":[{"href":"https:\/\/adanac.bolledev.ca\/en\/wp-json\/wp\/v2\/product"}],"about":[{"href":"https:\/\/adanac.bolledev.ca\/en\/wp-json\/wp\/v2\/types\/product"}],"wp:featuredmedia":[{"embeddable":true,"href":"https:\/\/adanac.bolledev.ca\/en\/wp-json\/wp\/v2\/media\/5611"}],"wp:attachment":[{"href":"https:\/\/adanac.bolledev.ca\/en\/wp-json\/wp\/v2\/media?parent=18091"}],"wp:term":[{"taxonomy":"product_brand","embeddable":true,"href":"https:\/\/adanac.bolledev.ca\/en\/wp-json\/wp\/v2\/product_brand?post=18091"},{"taxonomy":"product_cat","embeddable":true,"href":"https:\/\/adanac.bolledev.ca\/en\/wp-json\/wp\/v2\/product_cat?post=18091"},{"taxonomy":"product_tag","embeddable":true,"href":"https:\/\/adanac.bolledev.ca\/en\/wp-json\/wp\/v2\/product_tag?post=18091"}],"curies":[{"name":"wp","href":"https:\/\/api.w.org\/{rel}","templated":true}]}}